{"id":122,"date":"2025-01-20T18:33:23","date_gmt":"2025-01-20T23:33:23","guid":{"rendered":"https:\/\/africansafarisbooking.com\/?page_id=122"},"modified":"2026-01-20T15:11:37","modified_gmt":"2026-01-20T20:11:37","slug":"about","status":"publish","type":"page","link":"https:\/\/africansafarisbooking.com\/fr\/about\/","title":{"rendered":"\u00c0 propos"},"content":{"rendered":"<div data-elementor-type=\"wp-page\" data-elementor-id=\"122\" class=\"elementor elementor-122\" data-elementor-post-type=\"page\">\n\t\t\t\t<div data-particle_enable=\"false\" data-particle-mobile-disabled=\"false\" class=\"elementor-element elementor-element-cc14013 e-flex e-con-boxed e-con e-parent\" data-id=\"cc14013\" data-element_type=\"container\" data-settings=\"{&quot;background_background&quot;:&quot;classic&quot;}\">\n\t\t\t\t\t<div class=\"e-con-inner\">\n\t\t\t\t<div class=\"elementor-element elementor-element-3af8563 elementor-widget elementor-widget-heading\" data-id=\"3af8563\" data-element_type=\"widget\" data-widget_type=\"heading.default\">\n\t\t\t\t<div class=\"elementor-widget-container\">\n\t\t\t\t\t<h2 class=\"elementor-heading-title elementor-size-default\">Notre histoire<\/h2>\t\t\t\t<\/div>\n\t\t\t\t<\/div>\n\t\t\t\t<div class=\"elementor-element elementor-element-4e64789 elementor-widget elementor-widget-heading\" data-id=\"4e64789\" data-element_type=\"widget\" data-widget_type=\"heading.default\">\n\t\t\t\t<div class=\"elementor-widget-container\">\n\t\t\t\t\t<h2 class=\"elementor-heading-title elementor-size-default\">Pionnier des aventures africaines authentiques<\/h2>\t\t\t\t<\/div>\n\t\t\t\t<\/div>\n\t\t\t\t\t<\/div>\n\t\t\t\t<\/div>\n\t\t<div data-particle_enable=\"false\" data-particle-mobile-disabled=\"false\" class=\"elementor-element elementor-element-4aed789 e-flex e-con-boxed e-con e-parent\" data-id=\"4aed789\" data-element_type=\"container\">\n\t\t\t\t\t<div class=\"e-con-inner\">\n\t\t\t\t<div class=\"elementor-element elementor-element-32becac elementor-widget elementor-widget-spacer\" data-id=\"32becac\" data-element_type=\"widget\" data-widget_type=\"spacer.default\">\n\t\t\t\t<div class=\"elementor-widget-container\">\n\t\t\t\t\t\t\t<div class=\"elementor-spacer\">\n\t\t\t<div class=\"elementor-spacer-inner\"><\/div>\n\t\t<\/div>\n\t\t\t\t\t\t<\/div>\n\t\t\t\t<\/div>\n\t\t\t\t<div class=\"elementor-element elementor-element-6af268a elementor-widget elementor-widget-heading\" data-id=\"6af268a\" data-element_type=\"widget\" data-widget_type=\"heading.default\">\n\t\t\t\t<div class=\"elementor-widget-container\">\n\t\t\t\t\t<h2 class=\"elementor-heading-title elementor-size-default\">R\u00e9servation de safaris africains<\/h2>\t\t\t\t<\/div>\n\t\t\t\t<\/div>\n\t\t\t\t<div class=\"elementor-element elementor-element-1ec9afb elementor-widget elementor-widget-heading\" data-id=\"1ec9afb\" data-element_type=\"widget\" data-widget_type=\"heading.default\">\n\t\t\t\t<div class=\"elementor-widget-container\">\n\t\t\t\t\t<h2 class=\"elementor-heading-title elementor-size-default\">est n\u00e9e d&#039;une passion pour les espaces sauvages d&#039;Afrique et d&#039;un r\u00eave de les partager avec le monde. Fond\u00e9e par un groupe de guides de safari chevronn\u00e9s et de passionn\u00e9s de conservation, notre entreprise est pass\u00e9e de ses humbles d\u00e9buts \u00e0 un nom de premier plan dans les exp\u00e9riences de safari en Afrique. Notre voyage a \u00e9t\u00e9 un voyage de d\u00e9couverte, d&#039;apprentissage et d&#039;engagement ind\u00e9fectible envers le tourisme responsable. Aujourd&#039;hui, nous sommes fiers de concevoir des voyages qui non seulement r\u00e9alisent les r\u00eaves des voyageurs, mais contribuent \u00e9galement positivement \u00e0 la conservation de la faune et des communaut\u00e9s locales.<\/h2>\t\t\t\t<\/div>\n\t\t\t\t<\/div>\n\t\t\t\t<div class=\"elementor-element elementor-element-38e359a elementor-widget-divider--view-line elementor-widget elementor-widget-divider\" data-id=\"38e359a\" data-element_type=\"widget\" data-widget_type=\"divider.default\">\n\t\t\t\t<div class=\"elementor-widget-container\">\n\t\t\t\t\t\t\t<div class=\"elementor-divider\">\n\t\t\t<span class=\"elementor-divider-separator\">\n\t\t\t\t\t\t<\/span>\n\t\t<\/div>\n\t\t\t\t\t\t<\/div>\n\t\t\t\t<\/div>\n\t\t\t\t\t<\/div>\n\t\t\t\t<\/div>\n\t\t<div data-particle_enable=\"false\" data-particle-mobile-disabled=\"false\" class=\"elementor-element elementor-element-8dd1dc3 e-flex e-con-boxed e-con e-parent\" data-id=\"8dd1dc3\" data-element_type=\"container\">\n\t\t\t\t\t<div class=\"e-con-inner\">\n\t\t\t\t<div class=\"elementor-element elementor-element-9a95ffe elementor-widget elementor-widget-heading\" data-id=\"9a95ffe\" data-element_type=\"widget\" data-widget_type=\"heading.default\">\n\t\t\t\t<div class=\"elementor-widget-container\">\n\t\t\t\t\t<h2 class=\"elementor-heading-title elementor-size-default\">Notre \u00e9quipe<\/h2>\t\t\t\t<\/div>\n\t\t\t\t<\/div>\n\t\t\t\t\t<\/div>\n\t\t\t\t<\/div>\n\t\t<div data-particle_enable=\"false\" data-particle-mobile-disabled=\"false\" class=\"elementor-element elementor-element-2a443ef e-flex e-con-boxed e-con e-parent\" data-id=\"2a443ef\" data-element_type=\"container\">\n\t\t\t\t\t<div class=\"e-con-inner\">\n\t\t<div data-particle_enable=\"false\" data-particle-mobile-disabled=\"false\" class=\"elementor-element elementor-element-67b08d6 e-con-full e-flex e-con e-child\" data-id=\"67b08d6\" data-element_type=\"container\">\n\t\t\t\t<div class=\"elementor-element elementor-element-2199c7a elementor-widget elementor-widget-image\" data-id=\"2199c7a\" data-element_type=\"widget\" data-widget_type=\"image.default\">\n\t\t\t\t<div class=\"elementor-widget-container\">\n\t\t\t\t\t\t\t\t\t\t\t\t\t\t\t<img alt=\"\" fetchpriority=\"high\" decoding=\"async\" width=\"788\" height=\"1024\" src=\"https:\/\/africansafarisbooking.com\/wp-content\/uploads\/2026\/01\/Zuri-Mwangi-788x1024.jpg\" class=\"attachment-large size-large wp-image-843\" srcset=\"https:\/\/africansafarisbooking.com\/wp-content\/uploads\/2026\/01\/Zuri-Mwangi-788x1024.jpg 788w, https:\/\/africansafarisbooking.com\/wp-content\/uploads\/2026\/01\/Zuri-Mwangi-231x300.jpg 231w, https:\/\/africansafarisbooking.com\/wp-content\/uploads\/2026\/01\/Zuri-Mwangi-768x998.jpg 768w, https:\/\/africansafarisbooking.com\/wp-content\/uploads\/2026\/01\/Zuri-Mwangi-9x12.jpg 9w, https:\/\/africansafarisbooking.com\/wp-content\/uploads\/2026\/01\/Zuri-Mwangi.jpg 1000w\" sizes=\"(max-width: 788px) 100vw, 788px\" \/>\t\t\t\t\t\t\t\t\t\t\t\t\t\t\t<\/div>\n\t\t\t\t<\/div>\n\t\t\t\t<div class=\"elementor-element elementor-element-e6681a5 elementor-widget elementor-widget-heading\" data-id=\"e6681a5\" data-element_type=\"widget\" data-widget_type=\"heading.default\">\n\t\t\t\t<div class=\"elementor-widget-container\">\n\t\t\t\t\t<h2 class=\"elementor-heading-title elementor-size-default\">Zuri Mwangi <small style=\"color:black\">(Directeur)<\/small><\/h2>\t\t\t\t<\/div>\n\t\t\t\t<\/div>\n\t\t\t\t<\/div>\n\t\t<div data-particle_enable=\"false\" data-particle-mobile-disabled=\"false\" class=\"elementor-element elementor-element-a8662e3 e-con-full e-flex e-con e-child\" data-id=\"a8662e3\" data-element_type=\"container\">\n\t\t\t\t<div class=\"elementor-element elementor-element-5cca49a elementor-widget elementor-widget-image\" data-id=\"5cca49a\" data-element_type=\"widget\" data-widget_type=\"image.default\">\n\t\t\t\t<div class=\"elementor-widget-container\">\n\t\t\t\t\t\t\t\t\t\t\t\t\t\t\t<img alt=\"\" decoding=\"async\" width=\"788\" height=\"1024\" src=\"https:\/\/africansafarisbooking.com\/wp-content\/uploads\/2026\/01\/Nick-Wangithi-788x1024.jpg\" class=\"attachment-large size-large wp-image-840\" srcset=\"https:\/\/africansafarisbooking.com\/wp-content\/uploads\/2026\/01\/Nick-Wangithi-788x1024.jpg 788w, https:\/\/africansafarisbooking.com\/wp-content\/uploads\/2026\/01\/Nick-Wangithi-231x300.jpg 231w, https:\/\/africansafarisbooking.com\/wp-content\/uploads\/2026\/01\/Nick-Wangithi-768x998.jpg 768w, https:\/\/africansafarisbooking.com\/wp-content\/uploads\/2026\/01\/Nick-Wangithi-9x12.jpg 9w, https:\/\/africansafarisbooking.com\/wp-content\/uploads\/2026\/01\/Nick-Wangithi.jpg 1000w\" sizes=\"(max-width: 788px) 100vw, 788px\" \/>\t\t\t\t\t\t\t\t\t\t\t\t\t\t\t<\/div>\n\t\t\t\t<\/div>\n\t\t\t\t<div class=\"elementor-element elementor-element-075c866 elementor-widget elementor-widget-heading\" data-id=\"075c866\" data-element_type=\"widget\" data-widget_type=\"heading.default\">\n\t\t\t\t<div class=\"elementor-widget-container\">\n\t\t\t\t\t<h2 class=\"elementor-heading-title elementor-size-default\">Nick Wangi <small style=\"color:black\">(Guide du conducteur)<\/small><\/h2>\t\t\t\t<\/div>\n\t\t\t\t<\/div>\n\t\t\t\t<\/div>\n\t\t<div data-particle_enable=\"false\" data-particle-mobile-disabled=\"false\" class=\"elementor-element elementor-element-4c5f9f3 e-con-full e-flex e-con e-child\" data-id=\"4c5f9f3\" data-element_type=\"container\">\n\t\t\t\t<div class=\"elementor-element elementor-element-6a6f1d3 elementor-widget elementor-widget-image\" data-id=\"6a6f1d3\" data-element_type=\"widget\" data-widget_type=\"image.default\">\n\t\t\t\t<div class=\"elementor-widget-container\">\n\t\t\t\t\t\t\t\t\t\t\t\t\t\t\t<img alt=\"\" decoding=\"async\" width=\"788\" height=\"1024\" src=\"https:\/\/africansafarisbooking.com\/wp-content\/uploads\/2026\/01\/Peter-Okello-788x1024.jpg\" class=\"attachment-large size-large wp-image-841\" srcset=\"https:\/\/africansafarisbooking.com\/wp-content\/uploads\/2026\/01\/Peter-Okello-788x1024.jpg 788w, https:\/\/africansafarisbooking.com\/wp-content\/uploads\/2026\/01\/Peter-Okello-231x300.jpg 231w, https:\/\/africansafarisbooking.com\/wp-content\/uploads\/2026\/01\/Peter-Okello-768x998.jpg 768w, https:\/\/africansafarisbooking.com\/wp-content\/uploads\/2026\/01\/Peter-Okello-9x12.jpg 9w, https:\/\/africansafarisbooking.com\/wp-content\/uploads\/2026\/01\/Peter-Okello.jpg 1000w\" sizes=\"(max-width: 788px) 100vw, 788px\" \/>\t\t\t\t\t\t\t\t\t\t\t\t\t\t\t<\/div>\n\t\t\t\t<\/div>\n\t\t\t\t<div class=\"elementor-element elementor-element-6a82c94 elementor-widget elementor-widget-heading\" data-id=\"6a82c94\" data-element_type=\"widget\" data-widget_type=\"heading.default\">\n\t\t\t\t<div class=\"elementor-widget-container\">\n\t\t\t\t\t<h2 class=\"elementor-heading-title elementor-size-default\">Pierre Okello <small style=\"color:black\">(Guide du conducteur)<\/small><\/h2>\t\t\t\t<\/div>\n\t\t\t\t<\/div>\n\t\t\t\t<\/div>\n\t\t<div data-particle_enable=\"false\" data-particle-mobile-disabled=\"false\" class=\"elementor-element elementor-element-fb1e73e e-con-full e-flex e-con e-child\" data-id=\"fb1e73e\" data-element_type=\"container\">\n\t\t\t\t<div class=\"elementor-element elementor-element-5c50f7a elementor-widget elementor-widget-image\" data-id=\"5c50f7a\" data-element_type=\"widget\" data-widget_type=\"image.default\">\n\t\t\t\t<div class=\"elementor-widget-container\">\n\t\t\t\t\t\t\t\t\t\t\t\t\t\t\t<img alt=\"\" loading=\"lazy\" decoding=\"async\" width=\"788\" height=\"1024\" src=\"https:\/\/africansafarisbooking.com\/wp-content\/uploads\/2026\/01\/Kwame-Ndlovu-788x1024.jpg\" class=\"attachment-large size-large wp-image-839\" srcset=\"https:\/\/africansafarisbooking.com\/wp-content\/uploads\/2026\/01\/Kwame-Ndlovu-788x1024.jpg 788w, https:\/\/africansafarisbooking.com\/wp-content\/uploads\/2026\/01\/Kwame-Ndlovu-231x300.jpg 231w, https:\/\/africansafarisbooking.com\/wp-content\/uploads\/2026\/01\/Kwame-Ndlovu-768x998.jpg 768w, https:\/\/africansafarisbooking.com\/wp-content\/uploads\/2026\/01\/Kwame-Ndlovu-9x12.jpg 9w, https:\/\/africansafarisbooking.com\/wp-content\/uploads\/2026\/01\/Kwame-Ndlovu.jpg 1000w\" sizes=\"(max-width: 788px) 100vw, 788px\" \/>\t\t\t\t\t\t\t\t\t\t\t\t\t\t\t<\/div>\n\t\t\t\t<\/div>\n\t\t\t\t<div class=\"elementor-element elementor-element-1b9212f elementor-widget elementor-widget-heading\" data-id=\"1b9212f\" data-element_type=\"widget\" data-widget_type=\"heading.default\">\n\t\t\t\t<div class=\"elementor-widget-container\">\n\t\t\t\t\t<h2 class=\"elementor-heading-title elementor-size-default\">Kwam\u00e9 Ndlovu <small style=\"color:black\">(Guide en espagnol)<\/small><\/h2>\t\t\t\t<\/div>\n\t\t\t\t<\/div>\n\t\t\t\t<\/div>\n\t\t<div data-particle_enable=\"false\" data-particle-mobile-disabled=\"false\" class=\"elementor-element elementor-element-8209923 e-con-full e-flex e-con e-child\" data-id=\"8209923\" data-element_type=\"container\">\n\t\t\t\t<div class=\"elementor-element elementor-element-1030956 elementor-widget elementor-widget-image\" data-id=\"1030956\" data-element_type=\"widget\" data-widget_type=\"image.default\">\n\t\t\t\t<div class=\"elementor-widget-container\">\n\t\t\t\t\t\t\t\t\t\t\t\t\t\t\t<img alt=\"\" loading=\"lazy\" decoding=\"async\" width=\"788\" height=\"1024\" src=\"https:\/\/africansafarisbooking.com\/wp-content\/uploads\/2026\/01\/Xiao-Yun-788x1024.jpg\" class=\"attachment-large size-large wp-image-842\" srcset=\"https:\/\/africansafarisbooking.com\/wp-content\/uploads\/2026\/01\/Xiao-Yun-788x1024.jpg 788w, https:\/\/africansafarisbooking.com\/wp-content\/uploads\/2026\/01\/Xiao-Yun-231x300.jpg 231w, https:\/\/africansafarisbooking.com\/wp-content\/uploads\/2026\/01\/Xiao-Yun-768x998.jpg 768w, https:\/\/africansafarisbooking.com\/wp-content\/uploads\/2026\/01\/Xiao-Yun-9x12.jpg 9w, https:\/\/africansafarisbooking.com\/wp-content\/uploads\/2026\/01\/Xiao-Yun.jpg 1000w\" sizes=\"(max-width: 788px) 100vw, 788px\" \/>\t\t\t\t\t\t\t\t\t\t\t\t\t\t\t<\/div>\n\t\t\t\t<\/div>\n\t\t\t\t<div class=\"elementor-element elementor-element-4493232 elementor-widget elementor-widget-heading\" data-id=\"4493232\" data-element_type=\"widget\" data-widget_type=\"heading.default\">\n\t\t\t\t<div class=\"elementor-widget-container\">\n\t\t\t\t\t<h2 class=\"elementor-heading-title elementor-size-default\">Xiao Yun <small style=\"color:black\">(Guide chinois)<\/small><\/h2>\t\t\t\t<\/div>\n\t\t\t\t<\/div>\n\t\t\t\t<\/div>\n\t\t\t\t\t<\/div>\n\t\t\t\t<\/div>\n\t\t<div data-particle_enable=\"false\" data-particle-mobile-disabled=\"false\" class=\"elementor-element elementor-element-3aaaf87 e-flex e-con-boxed e-con e-parent\" data-id=\"3aaaf87\" data-element_type=\"container\">\n\t\t\t\t\t<div class=\"e-con-inner\">\n\t\t\t\t<div class=\"elementor-element elementor-element-74e1e62 elementor-widget elementor-widget-spacer\" data-id=\"74e1e62\" data-element_type=\"widget\" data-widget_type=\"spacer.default\">\n\t\t\t\t<div class=\"elementor-widget-container\">\n\t\t\t\t\t\t\t<div class=\"elementor-spacer\">\n\t\t\t<div class=\"elementor-spacer-inner\"><\/div>\n\t\t<\/div>\n\t\t\t\t\t\t<\/div>\n\t\t\t\t<\/div>\n\t\t\t\t\t<\/div>\n\t\t\t\t<\/div>\n\t\t\t\t<\/div>","protected":false},"excerpt":{"rendered":"<p>Our Story Pioneering Authentic African Adventures African Safaris Booking was born from a passion for Africa&#8217;s wild places and a dream to share them with the world. Founded by a group of seasoned safari guides and conservation enthusiasts, our company has grown from humble beginnings into a leading name in African safari experiences. Our journey [&hellip;]<\/p>","protected":false},"author":1,"featured_media":0,"parent":0,"menu_order":0,"comment_status":"closed","ping_status":"closed","template":"","meta":{"_seopress_robots_primary_cat":"","_seopress_titles_title":"","_seopress_titles_desc":"","_seopress_robots_index":"","footnotes":""},"class_list":["post-122","page","type-page","status-publish","hentry"],"_links":{"self":[{"href":"https:\/\/africansafarisbooking.com\/fr\/wp-json\/wp\/v2\/pages\/122","targetHints":{"allow":["GET"]}}],"collection":[{"href":"https:\/\/africansafarisbooking.com\/fr\/wp-json\/wp\/v2\/pages"}],"about":[{"href":"https:\/\/africansafarisbooking.com\/fr\/wp-json\/wp\/v2\/types\/page"}],"author":[{"embeddable":true,"href":"https:\/\/africansafarisbooking.com\/fr\/wp-json\/wp\/v2\/users\/1"}],"replies":[{"embeddable":true,"href":"https:\/\/africansafarisbooking.com\/fr\/wp-json\/wp\/v2\/comments?post=122"}],"version-history":[{"count":34,"href":"https:\/\/africansafarisbooking.com\/fr\/wp-json\/wp\/v2\/pages\/122\/revisions"}],"predecessor-version":[{"id":846,"href":"https:\/\/africansafarisbooking.com\/fr\/wp-json\/wp\/v2\/pages\/122\/revisions\/846"}],"wp:attachment":[{"href":"https:\/\/africansafarisbooking.com\/fr\/wp-json\/wp\/v2\/media?parent=122"}],"curies":[{"name":"wp","href":"https:\/\/api.w.org\/{rel}","templated":true}]}}