{"id":195,"date":"2025-01-22T16:10:32","date_gmt":"2025-01-22T21:10:32","guid":{"rendered":"https:\/\/africansafarisbooking.com\/?page_id=195"},"modified":"2025-01-29T16:38:40","modified_gmt":"2025-01-29T21:38:40","slug":"booking","status":"publish","type":"page","link":"https:\/\/africansafarisbooking.com\/fr\/booking\/","title":{"rendered":"Booking"},"content":{"rendered":"<div data-elementor-type=\"wp-page\" data-elementor-id=\"195\" class=\"elementor elementor-195\" data-elementor-post-type=\"page\">\n\t\t\t\t<div data-particle_enable=\"false\" data-particle-mobile-disabled=\"false\" class=\"elementor-element elementor-element-6d94e81 e-flex e-con-boxed e-con e-parent\" data-id=\"6d94e81\" data-element_type=\"container\" data-settings=\"{&quot;background_background&quot;:&quot;classic&quot;}\">\n\t\t\t\t\t<div class=\"e-con-inner\">\n\t\t\t\t<div class=\"elementor-element elementor-element-e2c0e90 elementor-widget elementor-widget-heading\" data-id=\"e2c0e90\" data-element_type=\"widget\" data-widget_type=\"heading.default\">\n\t\t\t\t<div class=\"elementor-widget-container\">\n\t\t\t\t\t<h2 class=\"elementor-heading-title elementor-size-default\">COMMENCEZ \u00c0 PLANIFIER VOTRE AVENTURE MAINTENANT<\/h2>\t\t\t\t<\/div>\n\t\t\t\t<\/div>\n\t\t\t\t<div class=\"elementor-element elementor-element-9dfb4c4 elementor-widget elementor-widget-heading\" data-id=\"9dfb4c4\" data-element_type=\"widget\" data-widget_type=\"heading.default\">\n\t\t\t\t<div class=\"elementor-widget-container\">\n\t\t\t\t\t<h2 class=\"elementor-heading-title elementor-size-default\">Remplissez le formulaire de r\u00e9servation et prenez une longueur d&#039;avance dans votre aventure<\/h2>\t\t\t\t<\/div>\n\t\t\t\t<\/div>\n\t\t\t\t\t<\/div>\n\t\t\t\t<\/div>\n\t\t<div data-particle_enable=\"false\" data-particle-mobile-disabled=\"false\" class=\"elementor-element elementor-element-fe4e44d e-flex e-con-boxed e-con e-parent\" data-id=\"fe4e44d\" data-element_type=\"container\" data-settings=\"{&quot;background_background&quot;:&quot;classic&quot;}\">\n\t\t\t\t\t<div class=\"e-con-inner\">\n\t\t<div data-particle_enable=\"false\" data-particle-mobile-disabled=\"false\" class=\"elementor-element elementor-element-c0867d3 e-con-full e-flex e-con e-child\" data-id=\"c0867d3\" data-element_type=\"container\">\n\t\t\t\t<div class=\"elementor-element elementor-element-d9553d8 elementor-widget-mobile__width-inherit elementor-widget elementor-widget-heading\" data-id=\"d9553d8\" data-element_type=\"widget\" data-widget_type=\"heading.default\">\n\t\t\t\t<div class=\"elementor-widget-container\">\n\t\t\t\t\t<h2 class=\"elementor-heading-title elementor-size-default\">Formulaire de r\u00e9servation<\/h2>\t\t\t\t<\/div>\n\t\t\t\t<\/div>\n\t\t\t\t<div class=\"elementor-element elementor-element-b09aaf5 elementor-button-align-stretch elementor-widget elementor-widget-form\" data-id=\"b09aaf5\" data-element_type=\"widget\" data-settings=\"{&quot;step_next_label&quot;:&quot;Next&quot;,&quot;step_previous_label&quot;:&quot;Previous&quot;,&quot;step_icon_shape&quot;:&quot;rounded&quot;,&quot;button_width&quot;:&quot;100&quot;,&quot;step_type&quot;:&quot;number_text&quot;}\" data-widget_type=\"form.default\">\n\t\t\t\t<div class=\"elementor-widget-container\">\n\t\t\t\t\t\t\t<form class=\"elementor-form\" method=\"post\" id=\"BookingForm\" name=\"ContactForm\" aria-label=\"ContactForm\" action=\"\">\r\n\t\t\t<input type=\"hidden\" name=\"post_id\" value=\"195\"\/>\r\n\t\t\t<input type=\"hidden\" name=\"form_id\" value=\"b09aaf5\"\/>\r\n\t\t\t<input type=\"hidden\" name=\"referer_title\" value=\"Booking\" \/>\r\n\r\n\t\t\t\t\t\t\t<input type=\"hidden\" name=\"queried_id\" value=\"195\"\/>\r\n\t\t\t\r\n\t\t\t<div class=\"elementor-form-fields-wrapper elementor-labels-above\">\r\n\t\t\t\t\t\t\t\t<div class=\"elementor-field-type-step elementor-field-group elementor-column elementor-field-group-field_bca9d79 elementor-col-100\">\r\n\t\t\t\t\t\t\t<div class=\"e-field-step elementor-hidden\" data-label=\"Choose your Destination\" data-previousbutton=\"\" data-nextbutton=\"\" data-iconurl=\"\" data-iconlibrary=\"fas fa-star\" data-icon=\"&lt;svg class=&quot;e-font-icon-svg e-fas-star&quot; viewBox=&quot;0 0 576 512&quot; xmlns=&quot;http:\/\/www.w3.org\/2000\/svg&quot;&gt;&lt;path d=&quot;M259.3 17.8L194 150.2 47.9 171.5c-26.2 3.8-36.7 36.1-17.7 54.6l105.7 103-25 145.5c-4.5 26.3 23.2 46 46.4 33.7L288 439.6l130.7 68.7c23.2 12.2 50.9-7.4 46.4-33.7l-25-145.5 105.7-103c19-18.5 8.5-50.8-17.7-54.6L382 150.2 316.7 17.8c-11.7-23.6-45.6-23.9-57.4 0z&quot;&gt;&lt;\/path&gt;&lt;\/svg&gt;\" ><\/div>\r\n\r\n\t\t\t\t\t\t<\/div>\r\n\t\t\t\t\t\t\t\t<div class=\"elementor-field-type-html elementor-field-group elementor-column elementor-field-group-field_5ccb87b elementor-col-100\">\r\n\t\t\t\t\t<fieldset>\n    <legend>FORFAITS KENYA<\/legend>\n    <label><input type=\"radio\" name=\"package\" value=\"Cultural Maasai Experience\"> Exp\u00e9rience culturelle Maasa\u00ef (2 jours \/ 1 nuit)<\/label><br>\n    <label><input type=\"radio\" name=\"package\" value=\"Maasai Mara Discovery\"> D\u00e9couverte du Masai Mara (3 jours \/ 2 nuits)<\/label><br>\n    <label><input type=\"radio\" name=\"package\" value=\"Family Safari Experience\"> Exp\u00e9rience Safari en Famille (4 jours \/ 3 nuits)<\/label><br>\n    <label><input type=\"radio\" name=\"package\" value=\"Amboseli and Kilimanjaro Views\"> Vues d&#039;Amboseli et du Kilimandjaro (4 jours \/ 3 nuits)<\/label><br>\n    <label><input type=\"radio\" name=\"package\" value=\"Nakuru and Maasai Mara Combo\"> Formule combin\u00e9e Nakuru et Maasai Mara (5 jours \/ 4 nuits)<\/label><br>\n    <label><input type=\"radio\" name=\"package\" value=\"Big Five Safari\"> Safari Big Five (5 jours \/ 4 nuits)<\/label><br>\n    <label><input type=\"radio\" name=\"package\" value=\"Exclusive Luxury Safari\"> Safari de luxe exclusif (7 jours \/ 6 nuits)<\/label><br>\n    <label><input type=\"radio\" name=\"package\" value=\"Kenya Fly-In Safari\"> Safari a\u00e9rien au Kenya (5 jours \/ 4 nuits)<\/label><br>\n    <label><input type=\"radio\" name=\"package\" value=\"Ultimate Kenya Safari\"> Safari ultime au Kenya (9 jours \/ 8 nuits)<\/label><br>\n    <label><input type=\"radio\" name=\"package\" value=\"The Grand Kenya Experience\"> L&#039;exp\u00e9rience du Grand Kenya (12 jours \/ 11 nuits)<\/label><br>\n<\/fieldset>\n\n<fieldset>\n    <legend>FORFAITS TANZANIE<\/legend>\n    <label><input type=\"radio\" name=\"package\" value=\"Serengeti Balloon Safari\"> Safari en montgolfi\u00e8re au Serengeti (1 jour)<\/label><br>\n    <label><input type=\"radio\" name=\"package\" value=\"Kilimanjaro Experience\"> Exp\u00e9rience Kilimandjaro (2 jours \/ 1 nuit)<\/label><br>\n    <label><input type=\"radio\" name=\"package\" value=\"Serengeti Exploration\"> Exploration du Serengeti (3 jours \/ 2 nuits)<\/label><br>\n    <label><input type=\"radio\" name=\"package\" value=\"Ngorongoro and Tarangire Adventure\"> Aventure Ngorongoro et Tarangire (4 jours \/ 3 nuits)<\/label><br>\n    <label><input type=\"radio\" name=\"package\" value=\"Serengeti and Manyara Combo Safari\"> Safari combin\u00e9 Serengeti et Manyara (5 jours \/ 4 nuits)<\/label><br>\n    <label><input type=\"radio\" name=\"package\" value=\"Great Migration Safari\"> Safari Grande Migration (5 jours \/ 4 nuits)<\/label><br>\n    <label><input type=\"radio\" name=\"package\" value=\"Luxury Tanzania Safari\"> Safari de luxe en Tanzanie (7 jours \/ 6 nuits)<\/label><br>\n    <label><input type=\"radio\" name=\"package\" value=\"Tanzania Explorer Safari\"> Safari Explorateur en Tanzanie (10 jours \/ 9 nuits)<\/label><br>\n    <label><input type=\"radio\" name=\"package\" value=\"Grand Tanzania Safari Adventure\"> Grand Safari Aventure en Tanzanie (12 jours \/ 11 nuits)<\/label><br>\n    <label><input type=\"radio\" name=\"package\" value=\"Luxury Tanzania Fly-In Safari\"> Safari de luxe en avion en Tanzanie (7 jours \/ 6 nuits)<\/label><br>\n<\/fieldset>\t\t\t\t<\/div>\r\n\t\t\t\t\t\t\t\t<div class=\"elementor-field-type-step elementor-field-group elementor-column elementor-field-group-step2_form elementor-col-100\">\r\n\t\t\t\t\t\t\t<div class=\"e-field-step elementor-hidden\" data-label=\"Personal Informations\" data-previousbutton=\"Back\" data-nextbutton=\"Next\" data-iconurl=\"\" data-iconlibrary=\"fas fa-star\" data-icon=\"&lt;svg class=&quot;e-font-icon-svg e-fas-star&quot; viewBox=&quot;0 0 576 512&quot; xmlns=&quot;http:\/\/www.w3.org\/2000\/svg&quot;&gt;&lt;path d=&quot;M259.3 17.8L194 150.2 47.9 171.5c-26.2 3.8-36.7 36.1-17.7 54.6l105.7 103-25 145.5c-4.5 26.3 23.2 46 46.4 33.7L288 439.6l130.7 68.7c23.2 12.2 50.9-7.4 46.4-33.7l-25-145.5 105.7-103c19-18.5 8.5-50.8-17.7-54.6L382 150.2 316.7 17.8c-11.7-23.6-45.6-23.9-57.4 0z&quot;&gt;&lt;\/path&gt;&lt;\/svg&gt;\" ><\/div>\r\n\r\n\t\t\t\t\t\t<\/div>\r\n\t\t\t\t\t\t\t\t<div class=\"elementor-field-type-text elementor-field-group elementor-column elementor-field-group-name elementor-col-50 elementor-field-required elementor-mark-required\">\r\n\t\t\t\t\t\t\t\t\t\t\t\t<label for=\"form-field-name\" class=\"elementor-field-label\">\r\n\t\t\t\t\t\t\t\tPr\u00e9nom\t\t\t\t\t\t\t<\/label>\r\n\t\t\t\t\t\t\t\t\t\t\t\t\t\t<input size=\"1\" type=\"text\" name=\"form_fields[name]\" id=\"form-field-name\" class=\"elementor-field elementor-size-sm  elementor-field-textual\" placeholder=\"John\" required=\"required\">\r\n\t\t\t\t\t\t\t\t\t\t\t<\/div>\r\n\t\t\t\t\t\t\t\t<div class=\"elementor-field-type-text elementor-field-group elementor-column elementor-field-group-field_bd182a6 elementor-col-50 elementor-field-required elementor-mark-required\">\r\n\t\t\t\t\t\t\t\t\t\t\t\t<label for=\"form-field-field_bd182a6\" class=\"elementor-field-label\">\r\n\t\t\t\t\t\t\t\tNom\t\t\t\t\t\t\t<\/label>\r\n\t\t\t\t\t\t\t\t\t\t\t\t\t\t<input size=\"1\" type=\"text\" name=\"form_fields[field_bd182a6]\" id=\"form-field-field_bd182a6\" class=\"elementor-field elementor-size-sm  elementor-field-textual\" placeholder=\"Forgeron\" required=\"required\">\r\n\t\t\t\t\t\t\t\t\t\t\t<\/div>\r\n\t\t\t\t\t\t\t\t<div class=\"elementor-field-type-email elementor-field-group elementor-column elementor-field-group-email elementor-col-50 elementor-field-required elementor-mark-required\">\r\n\t\t\t\t\t\t\t\t\t\t\t\t<label for=\"form-field-email\" class=\"elementor-field-label\">\r\n\t\t\t\t\t\t\t\tE-mail\t\t\t\t\t\t\t<\/label>\r\n\t\t\t\t\t\t\t\t\t\t\t\t\t\t<input size=\"1\" type=\"email\" name=\"form_fields[email]\" id=\"form-field-email\" class=\"elementor-field elementor-size-sm  elementor-field-textual\" placeholder=\"exemple@domaine.com\" required=\"required\">\r\n\t\t\t\t\t\t\t\t\t\t\t<\/div>\r\n\t\t\t\t\t\t\t\t<div class=\"elementor-field-type-tel elementor-field-group elementor-column elementor-field-group-field_6d3a7e4 elementor-col-50 elementor-field-required elementor-mark-required\">\r\n\t\t\t\t\t\t\t\t\t\t\t\t<label for=\"form-field-field_6d3a7e4\" class=\"elementor-field-label\">\r\n\t\t\t\t\t\t\t\tT\u00e9l\u00e9phone\t\t\t\t\t\t\t<\/label>\r\n\t\t\t\t\t\t\t\t<input size=\"1\" type=\"tel\" name=\"form_fields[field_6d3a7e4]\" id=\"form-field-field_6d3a7e4\" class=\"elementor-field elementor-size-sm  elementor-field-textual\" placeholder=\"+1 (888) 888-8888\" required=\"required\" pattern=\"[0-9()#&amp;+*-=.]+\" title=\"Seuls les chiffres et les caract\u00e8res t\u00e9l\u00e9phoniques (#, -, *, etc) sont accept\u00e9s.\">\r\n\r\n\t\t\t\t\t\t<\/div>\r\n\t\t\t\t\t\t\t\t<div class=\"elementor-field-type-text elementor-field-group elementor-column elementor-field-group-field_eb879ce elementor-col-50\">\r\n\t\t\t\t\t\t\t\t\t\t\t\t<label for=\"form-field-field_eb879ce\" class=\"elementor-field-label\">\r\n\t\t\t\t\t\t\t\tNom complet du contact d&#039;urgence\t\t\t\t\t\t\t<\/label>\r\n\t\t\t\t\t\t\t\t\t\t\t\t\t\t<input size=\"1\" type=\"text\" name=\"form_fields[field_eb879ce]\" id=\"form-field-field_eb879ce\" class=\"elementor-field elementor-size-sm  elementor-field-textual\" placeholder=\"Jean Smith\">\r\n\t\t\t\t\t\t\t\t\t\t\t<\/div>\r\n\t\t\t\t\t\t\t\t<div class=\"elementor-field-type-tel elementor-field-group elementor-column elementor-field-group-field_88a9701 elementor-col-50\">\r\n\t\t\t\t\t\t\t\t\t\t\t\t<label for=\"form-field-field_88a9701\" class=\"elementor-field-label\">\r\n\t\t\t\t\t\t\t\tNum\u00e9ro de t\u00e9l\u00e9phone \u00e0 contacter en cas d&#039;urgence\t\t\t\t\t\t\t<\/label>\r\n\t\t\t\t\t\t\t\t<input size=\"1\" type=\"tel\" name=\"form_fields[field_88a9701]\" id=\"form-field-field_88a9701\" class=\"elementor-field elementor-size-sm  elementor-field-textual\" placeholder=\"+1 (888) 888-8888\" pattern=\"[0-9()#&amp;+*-=.]+\" title=\"Seuls les chiffres et les caract\u00e8res t\u00e9l\u00e9phoniques (#, -, *, etc) sont accept\u00e9s.\">\r\n\r\n\t\t\t\t\t\t<\/div>\r\n\t\t\t\t\t\t\t\t<div class=\"elementor-field-type-step elementor-field-group elementor-column elementor-field-group-field_bd78309 elementor-col-100\">\r\n\t\t\t\t\t\t\t<div class=\"e-field-step elementor-hidden\" data-label=\"Travel Details\" data-previousbutton=\"Back\" data-nextbutton=\"Next\" data-iconurl=\"\" data-iconlibrary=\"fas fa-star\" data-icon=\"&lt;svg class=&quot;e-font-icon-svg e-fas-star&quot; viewBox=&quot;0 0 576 512&quot; xmlns=&quot;http:\/\/www.w3.org\/2000\/svg&quot;&gt;&lt;path d=&quot;M259.3 17.8L194 150.2 47.9 171.5c-26.2 3.8-36.7 36.1-17.7 54.6l105.7 103-25 145.5c-4.5 26.3 23.2 46 46.4 33.7L288 439.6l130.7 68.7c23.2 12.2 50.9-7.4 46.4-33.7l-25-145.5 105.7-103c19-18.5 8.5-50.8-17.7-54.6L382 150.2 316.7 17.8c-11.7-23.6-45.6-23.9-57.4 0z&quot;&gt;&lt;\/path&gt;&lt;\/svg&gt;\" ><\/div>\r\n\r\n\t\t\t\t\t\t<\/div>\r\n\t\t\t\t\t\t\t\t<div class=\"elementor-field-type-date elementor-field-group elementor-column elementor-field-group-field_eb395fc elementor-col-50 elementor-field-required elementor-mark-required\">\r\n\t\t\t\t\t\t\t\t\t\t\t\t<label for=\"form-field-field_eb395fc\" class=\"elementor-field-label\">\r\n\t\t\t\t\t\t\t\tDates de voyage souhait\u00e9es (D\u00c9BUT)\t\t\t\t\t\t\t<\/label>\r\n\t\t\t\t\t\t\r\n\t\t<input type=\"date\" name=\"form_fields[field_eb395fc]\" id=\"form-field-field_eb395fc\" class=\"elementor-field elementor-size-sm  elementor-field-textual elementor-date-field elementor-use-native\" required=\"required\" pattern=\"[0-9]{4}-[0-9]{2}-[0-9]{2}\" min=\"2025-01-01\" max=\"2030-01-01\">\r\n\t\t\t\t\t\t<\/div>\r\n\t\t\t\t\t\t\t\t<div class=\"elementor-field-type-date elementor-field-group elementor-column elementor-field-group-field_c10ede1 elementor-col-50 elementor-field-required elementor-mark-required\">\r\n\t\t\t\t\t\t\t\t\t\t\t\t<label for=\"form-field-field_c10ede1\" class=\"elementor-field-label\">\r\n\t\t\t\t\t\t\t\tDates de voyage souhait\u00e9es (FIN)\t\t\t\t\t\t\t<\/label>\r\n\t\t\t\t\t\t\r\n\t\t<input type=\"date\" name=\"form_fields[field_c10ede1]\" id=\"form-field-field_c10ede1\" class=\"elementor-field elementor-size-sm  elementor-field-textual elementor-date-field elementor-use-native\" required=\"required\" pattern=\"[0-9]{4}-[0-9]{2}-[0-9]{2}\" min=\"2025-01-01\" max=\"2030-01-01\">\r\n\t\t\t\t\t\t<\/div>\r\n\t\t\t\t\t\t\t\t<div class=\"elementor-field-type-number elementor-field-group elementor-column elementor-field-group-number_of_travelers elementor-col-100 elementor-field-required elementor-mark-required\">\r\n\t\t\t\t\t\t\t\t\t\t\t\t<label for=\"form-field-number_of_travelers\" class=\"elementor-field-label\">\r\n\t\t\t\t\t\t\t\tNombre d&#039;adulte(s)\t\t\t\t\t\t\t<\/label>\r\n\t\t\t\t\t\t\t\t\t<input type=\"number\" name=\"form_fields[number_of_travelers]\" id=\"form-field-number_of_travelers\" class=\"elementor-field elementor-size-sm  elementor-field-textual\" required=\"required\" min=\"1\" max=\"12\" >\r\n\t\t\t\t\t\t<\/div>\r\n\t\t\t\t\t\t\t\t<div class=\"elementor-field-type-number elementor-field-group elementor-column elementor-field-group-field_b041208 elementor-col-100 elementor-field-required elementor-mark-required\">\r\n\t\t\t\t\t\t\t\t\t\t\t\t<label for=\"form-field-field_b041208\" class=\"elementor-field-label\">\r\n\t\t\t\t\t\t\t\tNombre d&#039;enfant(s)\t\t\t\t\t\t\t<\/label>\r\n\t\t\t\t\t\t\t\t\t<input type=\"number\" name=\"form_fields[field_b041208]\" id=\"form-field-field_b041208\" class=\"elementor-field elementor-size-sm  elementor-field-textual\" required=\"required\" min=\"0\" max=\"12\" >\r\n\t\t\t\t\t\t<\/div>\r\n\t\t\t\t\t\t\t\t<div class=\"elementor-field-type-step elementor-field-group elementor-column elementor-field-group-traveler_details elementor-col-100\">\r\n\t\t\t\t\t\t\t<div class=\"e-field-step elementor-hidden\" data-label=\"Additional Details\" data-previousbutton=\"\" data-nextbutton=\"\" data-iconurl=\"\" data-iconlibrary=\"fas fa-star\" data-icon=\"&lt;svg class=&quot;e-font-icon-svg e-fas-star&quot; viewBox=&quot;0 0 576 512&quot; xmlns=&quot;http:\/\/www.w3.org\/2000\/svg&quot;&gt;&lt;path d=&quot;M259.3 17.8L194 150.2 47.9 171.5c-26.2 3.8-36.7 36.1-17.7 54.6l105.7 103-25 145.5c-4.5 26.3 23.2 46 46.4 33.7L288 439.6l130.7 68.7c23.2 12.2 50.9-7.4 46.4-33.7l-25-145.5 105.7-103c19-18.5 8.5-50.8-17.7-54.6L382 150.2 316.7 17.8c-11.7-23.6-45.6-23.9-57.4 0z&quot;&gt;&lt;\/path&gt;&lt;\/svg&gt;\" ><\/div>\r\n\r\n\t\t\t\t\t\t<\/div>\r\n\t\t\t\t\t\t\t\t<div class=\"elementor-field-type-textarea elementor-field-group elementor-column elementor-field-group-field_5b6484f elementor-col-100\">\r\n\t\t\t\t\t\t\t\t\t\t\t\t<label for=\"form-field-field_5b6484f\" class=\"elementor-field-label\">\r\n\t\t\t\t\t\t\t\tInformations compl\u00e9mentaires\t\t\t\t\t\t\t<\/label>\r\n\t\t\t\t\t\t<textarea class=\"elementor-field-textual elementor-field  elementor-size-sm\" name=\"form_fields[field_5b6484f]\" id=\"form-field-field_5b6484f\" rows=\"4\" placeholder=\"Si vous avez des informations suppl\u00e9mentaires \u00e0 nous communiquer, merci de les saisir ici.\"><\/textarea>\t\t\t\t<\/div>\r\n\t\t\t\t\t\t\t\t<div class=\"elementor-field-type-recaptcha_v3 elementor-field-group elementor-column elementor-field-group-field_bc34d3c elementor-col-100 recaptcha_v3-bottomright\">\r\n\t\t\t\t\t<div class=\"elementor-field\" id=\"form-field-field_bc34d3c\"><div class=\"elementor-g-recaptcha\" data-sitekey=\"6Lf0IscqAAAAAE_MR6jgGgI0zTAOErtpkPKAXguk\" data-type=\"v3\" data-action=\"Form\" data-badge=\"bottomright\" data-size=\"invisible\"><\/div><\/div>\t\t\t\t<\/div>\r\n\t\t\t\t\t\t\t\t<div class=\"elementor-field-group elementor-column elementor-field-type-submit elementor-col-100 e-form__buttons\">\r\n\t\t\t\t\t<button class=\"elementor-button elementor-size-xs elementor-animation-shrink\" type=\"submit\">\r\n\t\t\t\t\t\t<span class=\"elementor-button-content-wrapper\">\r\n\t\t\t\t\t\t\t\t\t\t\t\t\t\t\t<span class=\"elementor-button-icon\">\r\n\t\t\t\t\t\t\t\t\t<svg aria-hidden=\"true\" class=\"e-font-icon-svg e-fas-paper-plane\" viewbox=\"0 0 512 512\" xmlns=\"http:\/\/www.w3.org\/2000\/svg\"><path d=\"M476 3.2L12.5 270.6c-18.1 10.4-15.8 35.6 2.2 43.2L121 358.4l287.3-253.2c5.5-4.9 13.3 2.6 8.6 8.3L176 407v80.5c0 23.6 28.5 32.9 42.5 15.8L282 426l124.6 52.2c14.2 6 30.4-2.9 33-18.2l72-432C515 7.8 493.3-6.8 476 3.2z\"><\/path><\/svg>\t\t\t\t\t\t\t\t\t\t\t\t\t\t\t\t\t<\/span>\r\n\t\t\t\t\t\t\t\t\t\t\t\t\t\t\t\t\t\t\t\t\t\t<span class=\"elementor-button-text\">Soumettre<\/span>\r\n\t\t\t\t\t\t\t\t\t\t\t\t\t<\/span>\r\n\t\t\t\t\t<\/button>\r\n\t\t\t\t<\/div>\r\n\t\t\t<\/div>\r\n\t\t<input type=\"hidden\" name=\"trp-form-language\" value=\"fr\"\/><\/form>\r\n\t\t\t\t\t\t<\/div>\n\t\t\t\t<\/div>\n\t\t\t\t<div class=\"elementor-element elementor-element-8832bb0 elementor-widget-divider--view-line elementor-widget elementor-widget-divider\" data-id=\"8832bb0\" data-element_type=\"widget\" data-widget_type=\"divider.default\">\n\t\t\t\t<div class=\"elementor-widget-container\">\n\t\t\t\t\t\t\t<div class=\"elementor-divider\">\n\t\t\t<span class=\"elementor-divider-separator\">\n\t\t\t\t\t\t<\/span>\n\t\t<\/div>\n\t\t\t\t\t\t<\/div>\n\t\t\t\t<\/div>\n\t\t\t\t<div class=\"elementor-element elementor-element-6388b28 elementor-widget elementor-widget-heading\" data-id=\"6388b28\" data-element_type=\"widget\" data-widget_type=\"heading.default\">\n\t\t\t\t<div class=\"elementor-widget-container\">\n\t\t\t\t\t<h2 class=\"elementor-heading-title elementor-size-default\">Merci d&#039;avoir choisi African Safaris Booking !<\/h2>\t\t\t\t<\/div>\n\t\t\t\t<\/div>\n\t\t\t\t<div class=\"elementor-element elementor-element-5ad37eb elementor-widget-divider--view-line elementor-widget elementor-widget-divider\" data-id=\"5ad37eb\" data-element_type=\"widget\" data-widget_type=\"divider.default\">\n\t\t\t\t<div class=\"elementor-widget-container\">\n\t\t\t\t\t\t\t<div class=\"elementor-divider\">\n\t\t\t<span class=\"elementor-divider-separator\">\n\t\t\t\t\t\t<\/span>\n\t\t<\/div>\n\t\t\t\t\t\t<\/div>\n\t\t\t\t<\/div>\n\t\t\t\t<div class=\"elementor-element elementor-element-ad0d0c8 elementor-widget elementor-widget-heading\" data-id=\"ad0d0c8\" data-element_type=\"widget\" data-widget_type=\"heading.default\">\n\t\t\t\t<div class=\"elementor-widget-container\">\n\t\t\t\t\t<h2 class=\"elementor-heading-title elementor-size-default\">Nous sommes ravis que vous nous envisagiez pour votre aventure safari. Votre demande de r\u00e9servation a \u00e9t\u00e9 re\u00e7ue avec succ\u00e8s et nous sommes impatients de vous aider \u00e0 cr\u00e9er des souvenirs inoubliables au c\u0153ur de l&#039;Afrique.<\/h2>\t\t\t\t<\/div>\n\t\t\t\t<\/div>\n\t\t\t\t<div class=\"elementor-element elementor-element-b29f116 elementor-widget elementor-widget-heading\" data-id=\"b29f116\" data-element_type=\"widget\" data-widget_type=\"heading.default\">\n\t\t\t\t<div class=\"elementor-widget-container\">\n\t\t\t\t\t<h2 class=\"elementor-heading-title elementor-size-default\">Notre \u00e9quipe d&#039;experts en safari examinera vos informations et vous recontactera dans les 24 \u00e0 48 heures pour discuter plus en d\u00e9tail de vos vacances de r\u00eave. En attendant, n&#039;h\u00e9sitez pas \u00e0 explorer notre site Web pour plus d&#039;inspiration sur les exp\u00e9riences incroyables qui vous attendent.<\/h2>\t\t\t\t<\/div>\n\t\t\t\t<\/div>\n\t\t\t\t<div class=\"elementor-element elementor-element-5e117a4 elementor-widget elementor-widget-heading\" data-id=\"5e117a4\" data-element_type=\"widget\" data-widget_type=\"heading.default\">\n\t\t\t\t<div class=\"elementor-widget-container\">\n\t\t\t\t\t<h2 class=\"elementor-heading-title elementor-size-default\">Pr\u00e9parez-vous \u00e0 embarquer pour le voyage de votre vie avec African Safaris Booking \u2013 o\u00f9 chaque instant est une aventure !<\/h2>\t\t\t\t<\/div>\n\t\t\t\t<\/div>\n\t\t\t\t<div class=\"elementor-element elementor-element-619d8fd elementor-widget elementor-widget-spacer\" data-id=\"619d8fd\" data-element_type=\"widget\" data-widget_type=\"spacer.default\">\n\t\t\t\t<div class=\"elementor-widget-container\">\n\t\t\t\t\t\t\t<div class=\"elementor-spacer\">\n\t\t\t<div class=\"elementor-spacer-inner\"><\/div>\n\t\t<\/div>\n\t\t\t\t\t\t<\/div>\n\t\t\t\t<\/div>\n\t\t\t\t<div class=\"elementor-element elementor-element-ec88285 elementor-widget elementor-widget-heading\" data-id=\"ec88285\" data-element_type=\"widget\" data-widget_type=\"heading.default\">\n\t\t\t\t<div class=\"elementor-widget-container\">\n\t\t\t\t\t<h2 class=\"elementor-heading-title elementor-size-default\">L&#039;\u00e9quipe de r\u00e9servation d&#039;African Safaris<\/h2>\t\t\t\t<\/div>\n\t\t\t\t<\/div>\n\t\t\t\t<div class=\"elementor-element elementor-element-91b7140 elementor-widget elementor-widget-spacer\" data-id=\"91b7140\" data-element_type=\"widget\" data-widget_type=\"spacer.default\">\n\t\t\t\t<div class=\"elementor-widget-container\">\n\t\t\t\t\t\t\t<div class=\"elementor-spacer\">\n\t\t\t<div class=\"elementor-spacer-inner\"><\/div>\n\t\t<\/div>\n\t\t\t\t\t\t<\/div>\n\t\t\t\t<\/div>\n\t\t\t\t<\/div>\n\t\t\t\t\t<\/div>\n\t\t\t\t<\/div>\n\t\t\t\t<\/div>","protected":false},"excerpt":{"rendered":"<p>START PLANNING YOUR ADVENTURE NOW Fill out the booking form and be a step ahead in your adventure Booking Form Thank you for choosing African Safaris Booking! We&#8217;re thrilled that you&#8217;re considering us for your safari adventure. Your booking request has been successfully received, and we can&#8217;t wait to help you create unforgettable memories in [&hellip;]<\/p>","protected":false},"author":1,"featured_media":0,"parent":0,"menu_order":0,"comment_status":"closed","ping_status":"closed","template":"","meta":{"_seopress_robots_primary_cat":"","_seopress_titles_title":"","_seopress_titles_desc":"","_seopress_robots_index":"","footnotes":""},"class_list":["post-195","page","type-page","status-publish","hentry"],"_links":{"self":[{"href":"https:\/\/africansafarisbooking.com\/fr\/wp-json\/wp\/v2\/pages\/195","targetHints":{"allow":["GET"]}}],"collection":[{"href":"https:\/\/africansafarisbooking.com\/fr\/wp-json\/wp\/v2\/pages"}],"about":[{"href":"https:\/\/africansafarisbooking.com\/fr\/wp-json\/wp\/v2\/types\/page"}],"author":[{"embeddable":true,"href":"https:\/\/africansafarisbooking.com\/fr\/wp-json\/wp\/v2\/users\/1"}],"replies":[{"embeddable":true,"href":"https:\/\/africansafarisbooking.com\/fr\/wp-json\/wp\/v2\/comments?post=195"}],"version-history":[{"count":88,"href":"https:\/\/africansafarisbooking.com\/fr\/wp-json\/wp\/v2\/pages\/195\/revisions"}],"predecessor-version":[{"id":808,"href":"https:\/\/africansafarisbooking.com\/fr\/wp-json\/wp\/v2\/pages\/195\/revisions\/808"}],"wp:attachment":[{"href":"https:\/\/africansafarisbooking.com\/fr\/wp-json\/wp\/v2\/media?parent=195"}],"curies":[{"name":"wp","href":"https:\/\/api.w.org\/{rel}","templated":true}]}}